{"id":167,"date":"2010-03-31T19:52:24","date_gmt":"2010-03-31T17:52:24","guid":{"rendered":""},"modified":"2013-07-29T18:47:01","modified_gmt":"2013-07-29T16:47:01","slug":"corsi-ragazzi","status":"publish","type":"page","link":"https:\/\/www.ccaniene.com\/it_it\/corsi-ragazzi\/","title":{"rendered":"Corsi Estivi"},"content":{"rendered":"<p><img fetchpriority=\"high\" decoding=\"async\" class=\"alignnone size-full wp-image-3087\" alt=\"scuola-vela\" src=\"http:\/\/www.ccaniene.com\/wp-content\/uploads\/2010\/03\/scuola.jpg\" width=\"635\" height=\"150\" srcset=\"https:\/\/www.ccaniene.com\/wp-content\/uploads\/2010\/03\/scuola.jpg 635w, https:\/\/www.ccaniene.com\/wp-content\/uploads\/2010\/03\/scuola-460x109.jpg 460w, https:\/\/www.ccaniene.com\/wp-content\/uploads\/2010\/03\/scuola-300x71.jpg 300w\" sizes=\"(max-width: 635px) 100vw, 635px\" \/><br \/>\nI corsi di Vela organizzati dal Circolo Canottieri Aniene sono riconosciuti dalla Federazione Italiana Vela e prevedono attivit\u00e0 diversificate per ragazzi ed adulti secondo livelli di preparazione e capacit\u00e0.<\/p>\n<p>Di seguito \u00e8 possibile scaricare il volantino:<\/p>\n<p>&#8211; <a title=\"Scuola vela - Corsi estivi\" href=\"http:\/\/www.ccaniene.com\/wp-content\/uploads\/2010\/03\/c.c.aniene-scuola-vela-2013.pdf\" target=\"_blank\">Scuola Vela &#8211; Corsi Estivi <\/a><\/p>\n<p>Per informazioni\u00a0pi\u00f9 dettagliate, programma, date, orari e costi \u00e8 possibile scaricare la brochure informativa:<\/p>\n<p>&#8211; <a title=\"Brochure Scuola Vela\" href=\"http:\/\/www.ccaniene.com\/wp-content\/uploads\/2010\/03\/brochure-scuola-vela-2013.pdf\" target=\"_blank\">Brochure Scuola Vela<\/a><\/p>\n<p>Per iscriversi \u00e8 possibile scaricare il modulo d&#8217;iscrizione e inviarlo alla\u00a0<strong>Segreteria Sportiva<\/strong>: <strong>06-807.47.93<\/strong> \u2013 Fax <strong>06\/806.64.532<\/strong>\u00a0 &#8211; e-mail: <a href=\"mailto:segreteriasportiva@ccaniene.com\"><strong>segreteriasportiva@ccaniene.com<\/strong><\/a><strong>.<\/strong><\/p>\n<p>&#8211;<a title=\"Modulo iscrizione\" href=\"http:\/\/www.ccaniene.com\/wp-content\/uploads\/2010\/03\/Iscrizione-corso-di-vela-1.pdf\" target=\"_blank\">Modulo iscrizione<\/a><\/p>\n<p>&nbsp;<\/p>\n<p>&nbsp;<\/p>\n<p>&nbsp;<\/p>\n<p>&nbsp;<\/p>\n","protected":false},"excerpt":{"rendered":"<p>I corsi di Vela organizzati dal Circolo Canottieri Aniene sono riconosciuti dalla Federazione Italiana Vela e prevedono attivit\u00e0 diversificate per ragazzi ed adulti secondo livelli di preparazione e capacit\u00e0. Di seguito \u00e8 possibile scaricare il volantino: &#8211; Scuola Vela &#8211; Corsi Estivi Per informazioni\u00a0pi\u00f9 dettagliate, programma, date, orari e costi \u00e8 possibile scaricare la brochure [&hellip;]<\/p>\n","protected":false},"author":164,"featured_media":0,"parent":0,"menu_order":1,"comment_status":"closed","ping_status":"closed","template":"","meta":{"pmpro_default_level":0,"footnotes":"","_links_to":"","_links_to_target":""},"class_list":["post-167","page","type-page","status-publish","hentry","pmpro-has-access"],"featured_image_urls":{},"appp_media":null,"yoast_head":"<!-- This site is optimized with the Yoast SEO plugin v23.6 - https:\/\/yoast.com\/wordpress\/plugins\/seo\/ -->\n<title>Corsi Estivi - Circolo Canottieri Aniene<\/title>\n<meta name=\"robots\" content=\"index, follow, max-snippet:-1, max-image-preview:large, max-video-preview:-1\" \/>\n<link rel=\"canonical\" href=\"https:\/\/www.ccaniene.com\/it_it\/corsi-ragazzi\/\" \/>\n<meta property=\"og:locale\" content=\"it_IT\" \/>\n<meta property=\"og:type\" content=\"article\" \/>\n<meta property=\"og:title\" content=\"Corsi Estivi - Circolo Canottieri Aniene\" \/>\n<meta property=\"og:description\" content=\"I corsi di Vela organizzati dal Circolo Canottieri Aniene sono riconosciuti dalla Federazione Italiana Vela e prevedono attivit\u00e0 diversificate per ragazzi ed adulti secondo livelli di preparazione e capacit\u00e0. Di seguito \u00e8 possibile scaricare il volantino: &#8211; Scuola Vela &#8211; Corsi Estivi Per informazioni\u00a0pi\u00f9 dettagliate, programma, date, orari e costi \u00e8 possibile scaricare la brochure [&hellip;]\" \/>\n<meta property=\"og:url\" content=\"https:\/\/www.ccaniene.com\/it_it\/corsi-ragazzi\/\" \/>\n<meta property=\"og:site_name\" content=\"Circolo Canottieri Aniene\" \/>\n<meta property=\"article:modified_time\" content=\"2013-07-29T16:47:01+00:00\" \/>\n<meta property=\"og:image\" content=\"http:\/\/www.ccaniene.com\/wp-content\/uploads\/2010\/03\/scuola.jpg\" \/>\n<meta name=\"twitter:card\" content=\"summary_large_image\" \/>\n<script type=\"application\/ld+json\" class=\"yoast-schema-graph\">{\"@context\":\"https:\/\/schema.org\",\"@graph\":[{\"@type\":\"WebPage\",\"@id\":\"https:\/\/www.ccaniene.com\/it_it\/corsi-ragazzi\/\",\"url\":\"https:\/\/www.ccaniene.com\/it_it\/corsi-ragazzi\/\",\"name\":\"Corsi Estivi - Circolo Canottieri Aniene\",\"isPartOf\":{\"@id\":\"https:\/\/www.ccaniene.com\/en\/#website\"},\"primaryImageOfPage\":{\"@id\":\"https:\/\/www.ccaniene.com\/it_it\/corsi-ragazzi\/#primaryimage\"},\"image\":{\"@id\":\"https:\/\/www.ccaniene.com\/it_it\/corsi-ragazzi\/#primaryimage\"},\"thumbnailUrl\":\"http:\/\/www.ccaniene.com\/wp-content\/uploads\/2010\/03\/scuola.jpg\",\"datePublished\":\"2010-03-31T17:52:24+00:00\",\"dateModified\":\"2013-07-29T16:47:01+00:00\",\"breadcrumb\":{\"@id\":\"https:\/\/www.ccaniene.com\/it_it\/corsi-ragazzi\/#breadcrumb\"},\"inLanguage\":\"it-IT\",\"potentialAction\":[{\"@type\":\"ReadAction\",\"target\":[\"https:\/\/www.ccaniene.com\/it_it\/corsi-ragazzi\/\"]}]},{\"@type\":\"ImageObject\",\"inLanguage\":\"it-IT\",\"@id\":\"https:\/\/www.ccaniene.com\/it_it\/corsi-ragazzi\/#primaryimage\",\"url\":\"http:\/\/www.ccaniene.com\/wp-content\/uploads\/2010\/03\/scuola.jpg\",\"contentUrl\":\"http:\/\/www.ccaniene.com\/wp-content\/uploads\/2010\/03\/scuola.jpg\"},{\"@type\":\"BreadcrumbList\",\"@id\":\"https:\/\/www.ccaniene.com\/it_it\/corsi-ragazzi\/#breadcrumb\",\"itemListElement\":[{\"@type\":\"ListItem\",\"position\":1,\"name\":\"Home\",\"item\":\"https:\/\/www.ccaniene.com\/en\/\"},{\"@type\":\"ListItem\",\"position\":2,\"name\":\"Corsi Estivi\"}]},{\"@type\":\"WebSite\",\"@id\":\"https:\/\/www.ccaniene.com\/en\/#website\",\"url\":\"https:\/\/www.ccaniene.com\/en\/\",\"name\":\"Circolo Canottieri Aniene\",\"description\":\"Collare d&#039;Oro e Stella d&#039;Oro al Merito Sportivo\",\"potentialAction\":[{\"@type\":\"SearchAction\",\"target\":{\"@type\":\"EntryPoint\",\"urlTemplate\":\"https:\/\/www.ccaniene.com\/en\/?s={search_term_string}\"},\"query-input\":{\"@type\":\"PropertyValueSpecification\",\"valueRequired\":true,\"valueName\":\"search_term_string\"}}],\"inLanguage\":\"it-IT\"}]}<\/script>\n<!-- \/ Yoast SEO plugin. -->","yoast_head_json":{"title":"Corsi Estivi - Circolo Canottieri Aniene","robots":{"index":"index","follow":"follow","max-snippet":"max-snippet:-1","max-image-preview":"max-image-preview:large","max-video-preview":"max-video-preview:-1"},"canonical":"https:\/\/www.ccaniene.com\/it_it\/corsi-ragazzi\/","og_locale":"it_IT","og_type":"article","og_title":"Corsi Estivi - Circolo Canottieri Aniene","og_description":"I corsi di Vela organizzati dal Circolo Canottieri Aniene sono riconosciuti dalla Federazione Italiana Vela e prevedono attivit\u00e0 diversificate per ragazzi ed adulti secondo livelli di preparazione e capacit\u00e0. Di seguito \u00e8 possibile scaricare il volantino: &#8211; Scuola Vela &#8211; Corsi Estivi Per informazioni\u00a0pi\u00f9 dettagliate, programma, date, orari e costi \u00e8 possibile scaricare la brochure [&hellip;]","og_url":"https:\/\/www.ccaniene.com\/it_it\/corsi-ragazzi\/","og_site_name":"Circolo Canottieri Aniene","article_modified_time":"2013-07-29T16:47:01+00:00","og_image":[{"url":"http:\/\/www.ccaniene.com\/wp-content\/uploads\/2010\/03\/scuola.jpg"}],"twitter_card":"summary_large_image","schema":{"@context":"https:\/\/schema.org","@graph":[{"@type":"WebPage","@id":"https:\/\/www.ccaniene.com\/it_it\/corsi-ragazzi\/","url":"https:\/\/www.ccaniene.com\/it_it\/corsi-ragazzi\/","name":"Corsi Estivi - Circolo Canottieri Aniene","isPartOf":{"@id":"https:\/\/www.ccaniene.com\/en\/#website"},"primaryImageOfPage":{"@id":"https:\/\/www.ccaniene.com\/it_it\/corsi-ragazzi\/#primaryimage"},"image":{"@id":"https:\/\/www.ccaniene.com\/it_it\/corsi-ragazzi\/#primaryimage"},"thumbnailUrl":"http:\/\/www.ccaniene.com\/wp-content\/uploads\/2010\/03\/scuola.jpg","datePublished":"2010-03-31T17:52:24+00:00","dateModified":"2013-07-29T16:47:01+00:00","breadcrumb":{"@id":"https:\/\/www.ccaniene.com\/it_it\/corsi-ragazzi\/#breadcrumb"},"inLanguage":"it-IT","potentialAction":[{"@type":"ReadAction","target":["https:\/\/www.ccaniene.com\/it_it\/corsi-ragazzi\/"]}]},{"@type":"ImageObject","inLanguage":"it-IT","@id":"https:\/\/www.ccaniene.com\/it_it\/corsi-ragazzi\/#primaryimage","url":"http:\/\/www.ccaniene.com\/wp-content\/uploads\/2010\/03\/scuola.jpg","contentUrl":"http:\/\/www.ccaniene.com\/wp-content\/uploads\/2010\/03\/scuola.jpg"},{"@type":"BreadcrumbList","@id":"https:\/\/www.ccaniene.com\/it_it\/corsi-ragazzi\/#breadcrumb","itemListElement":[{"@type":"ListItem","position":1,"name":"Home","item":"https:\/\/www.ccaniene.com\/en\/"},{"@type":"ListItem","position":2,"name":"Corsi Estivi"}]},{"@type":"WebSite","@id":"https:\/\/www.ccaniene.com\/en\/#website","url":"https:\/\/www.ccaniene.com\/en\/","name":"Circolo Canottieri Aniene","description":"Collare d&#039;Oro e Stella d&#039;Oro al Merito Sportivo","potentialAction":[{"@type":"SearchAction","target":{"@type":"EntryPoint","urlTemplate":"https:\/\/www.ccaniene.com\/en\/?s={search_term_string}"},"query-input":{"@type":"PropertyValueSpecification","valueRequired":true,"valueName":"search_term_string"}}],"inLanguage":"it-IT"}]}},"_links":{"self":[{"href":"https:\/\/www.ccaniene.com\/it_it\/wp-json\/wp\/v2\/pages\/167"}],"collection":[{"href":"https:\/\/www.ccaniene.com\/it_it\/wp-json\/wp\/v2\/pages"}],"about":[{"href":"https:\/\/www.ccaniene.com\/it_it\/wp-json\/wp\/v2\/types\/page"}],"author":[{"embeddable":true,"href":"https:\/\/www.ccaniene.com\/it_it\/wp-json\/wp\/v2\/users\/164"}],"replies":[{"embeddable":true,"href":"https:\/\/www.ccaniene.com\/it_it\/wp-json\/wp\/v2\/comments?post=167"}],"version-history":[{"count":9,"href":"https:\/\/www.ccaniene.com\/it_it\/wp-json\/wp\/v2\/pages\/167\/revisions"}],"predecessor-version":[{"id":3098,"href":"https:\/\/www.ccaniene.com\/it_it\/wp-json\/wp\/v2\/pages\/167\/revisions\/3098"}],"wp:attachment":[{"href":"https:\/\/www.ccaniene.com\/it_it\/wp-json\/wp\/v2\/media?parent=167"}],"curies":[{"name":"wp","href":"https:\/\/api.w.org\/{rel}","templated":true}]}}